{"id":180,"date":"2022-03-07T13:54:42","date_gmt":"2022-03-07T13:54:42","guid":{"rendered":"https:\/\/olivospatagonia.ar\/?page_id=180"},"modified":"2024-08-26T21:41:59","modified_gmt":"2024-08-26T21:41:59","slug":"politica-de-arraigo","status":"publish","type":"page","link":"https:\/\/olivospatagonia.ar\/index.php\/politica-de-arraigo\/","title":{"rendered":"Pol\u00edtica de Arraigo"},"content":{"rendered":"<p>[vc_row][vc_column][vc_custom_heading text=&#8221;Pol\u00edtica de Arraigo&#8221; font_container=&#8221;tag:h2|font_size:56|text_align:left|color:%235e5e5e&#8221; google_fonts=&#8221;font_family:Lora%3Aregular%2Citalic%2C700%2C700italic|font_style:400%20regular%3A400%3Anormal&#8221;][\/vc_column][\/vc_row][vc_row][vc_column][vc_custom_heading text=&#8221;Pol\u00edtica de Arraigo propuesta por el Polo Oliv\u00edcola Patag\u00f3nico&#8221; font_container=&#8221;tag:h2|font_size:26|text_align:left|color:%235e5e5e&#8221; google_fonts=&#8221;font_family:Lora%3Aregular%2Citalic%2C700%2C700italic|font_style:400%20regular%3A400%3Anormal&#8221;][\/vc_column][\/vc_row][vc_row][vc_column][vc_custom_heading text=&#8221;Para el sector productivo, se renueva la necesidad imperiosa de revalorizar la producci\u00f3n local, lograr mayores posibilidades de financiaci\u00f3n de las actividades y los emprendimientos, as\u00ed como el acceso a la digitalizaci\u00f3n y a las Tecnolog\u00edas de la Informaci\u00f3n y las Comunicaciones (TIC), a portales vinculados al conocimiento, la educaci\u00f3n, la informaci\u00f3n, el entretenimiento, y al desarrollo econ\u00f3mico y social.&#8221; font_container=&#8221;tag:h2|font_size:18|text_align:left|color:%235e5e5e&#8221; google_fonts=&#8221;font_family:Raleway%3A100%2C200%2C300%2Cregular%2C500%2C600%2C700%2C800%2C900|font_style:400%20regular%3A400%3Anormal&#8221;][vc_custom_heading text=&#8221;&#8221; font_container=&#8221;tag:h2|font_size:18|text_align:left|color:%235e5e5e&#8221; google_fonts=&#8221;font_family:Raleway%3A100%2C200%2C300%2Cregular%2C500%2C600%2C700%2C800%2C900|font_style:400%20regular%3A400%3Anormal&#8221;][vc_empty_space][\/vc_column][\/vc_row][vc_row][vc_column parallax=&#8221;content-moving&#8221; parallax_image=&#8221;302&#8243; css=&#8221;.vc_custom_1647455950493{padding: 130px !important;}&#8221;][\/vc_column][\/vc_row][vc_row][vc_column][vc_empty_space][vc_custom_heading text=&#8221;&#8221; font_container=&#8221;tag:h2|font_size:18|text_align:left|color:%235e5e5e&#8221; google_fonts=&#8221;font_family:Raleway%3A100%2C200%2C300%2Cregular%2C500%2C600%2C700%2C800%2C900|font_style:400%20regular%3A400%3Anormal&#8221;][vc_custom_heading text=&#8221;La conurbaci\u00f3n es muy conocida ya que concentra el centro y el polo administrativo del gobierno de la provincia y el centro de influencia de un \u00e1rea mucho mayor, conocida como el Valle Inferior, que se extiende a lo largo del R\u00edo Chubut, el valle tiene una superficie total de 42.000 ha, con aproximadamente 90 km de longitud y un ancho variable entre 7 y 10 km. Adem\u00e1s de las ciudades tambi\u00e9n se alternan pueblos con zonas rurales de alta densidad de poblaci\u00f3n y agricultura de regad\u00edo intensiva.&#8221; font_container=&#8221;tag:h2|font_size:18|text_align:left|color:%235e5e5e&#8221; google_fonts=&#8221;font_family:Raleway%3A100%2C200%2C300%2Cregular%2C500%2C600%2C700%2C800%2C900|font_style:400%20regular%3A400%3Anormal&#8221;][\/vc_column][\/vc_row][vc_row][vc_column][vc_separator][vc_custom_heading text=&#8221;&#8221; font_container=&#8221;tag:h2|font_size:18|text_align:left|color:%235e5e5e&#8221; google_fonts=&#8221;font_family:Raleway%3A100%2C200%2C300%2Cregular%2C500%2C600%2C700%2C800%2C900|font_style:400%20regular%3A400%3Anormal&#8221;][vc_custom_heading text=&#8221;La pol\u00edtica de arraigo del Polo Oliv\u00edcola Patag\u00f3nico Argentino, con sede en la ciudad de Dolavon, Provincia de Chubut, busca establecer estrategias y acciones para fortalecer el v\u00ednculo de los j\u00f3venes y sus familias con su lugar de residencia. La estrategia de desarrollo del Polo Oliv\u00edcola representa, en todo el territorio, una oportunidad significativa de desarrollo econ\u00f3mico y social y la pol\u00edtica de arraigo se centra en asegurar que los beneficios del desarrollo se traduzcan en nuevas oportunidades de inserci\u00f3n laboral, estabilidad y prosperidad para los habitantes de la regi\u00f3n.&#8221; font_container=&#8221;tag:h2|font_size:18|text_align:left|color:%235e5e5e&#8221; google_fonts=&#8221;font_family:Raleway%3A100%2C200%2C300%2Cregular%2C500%2C600%2C700%2C800%2C900|font_style:400%20regular%3A400%3Anormal&#8221;][vc_custom_heading text=&#8221;Objetivos de la Pol\u00edtica de Arraigo<\/p>\n<p>\u2022\tPromover la Estabilidad Residencial: Facilitar condiciones que alienten a los j\u00f3venes y sus familias a permanecer en la regi\u00f3n, mediante incentivos y servicios que mejoren su calidad de vida y potencien su desarrollo personal.<\/p>\n<p>\u2022\tDesarrollar Capacidades Locales: Fomentar la capacitaci\u00f3n y formaci\u00f3n de j\u00f3venes en habilidades relacionadas con la industria oliv\u00edcola y su encadenamiento con otros sectores complementarios.<\/p>\n<p>\u2022\tFortalecer el Tejido Social: Crear una red de apoyo social que integre a los j\u00f3venes y sus familias en la comunidad local, promoviendo el sentido de pertenencia y cohesi\u00f3n social.<\/p>\n<p>\u2022\tEstimular la Econom\u00eda Local: Rescatar las potencialidades locales, Incorporar nuevas actividades productivas y de servicios e Integrar a las familias en la cadena de valor del Polo Oliv\u00edcola, generando oportunidades de empleo y emprendimiento.<\/p>\n<p>\u2022\tApoyo al Emprendimiento: Promover el desarrollo de emprendimientos locales relacionados con la olivicultura y otros sectores complementarios mediante asesoramiento, financiamiento y redes de contactos.<\/p>\n<p>\u2022\tPromoci\u00f3n de la Identidad Local: Fomentar el orgullo por la identidad y el patrimonio local mediante campa\u00f1as de sensibilizaci\u00f3n y eventos que celebren la cultura y las tradiciones de la Patagonia y la olivicultura.<br \/>\n&#8221; font_container=&#8221;tag:h2|font_size:18|text_align:left|color:%235e5e5e&#8221; google_fonts=&#8221;font_family:Raleway%3A100%2C200%2C300%2Cregular%2C500%2C600%2C700%2C800%2C900|font_style:400%20regular%3A400%3Anormal&#8221;][vc_separator][vc_custom_heading text=&#8221;El Polo Oliv\u00edcola Patag\u00f3nico es una de las herramientas que necesita hoy el territorio patag\u00f3nico para consolidar el sector de la agricultura familiar.&#8221; font_container=&#8221;tag:h2|font_size:36|text_align:left|color:%235e5e5e&#8221; google_fonts=&#8221;font_family:Raleway%3A100%2C200%2C300%2Cregular%2C500%2C600%2C700%2C800%2C900|font_style:400%20regular%3A400%3Anormal&#8221; css=&#8221;.vc_custom_1647456378984{background-color: #f9f9f9 !important;}&#8221;][vc_custom_heading text=&#8221;Asegurar la articulaci\u00f3n y coordinaci\u00f3n entre los distintos actores involucrados, sector p\u00fablico, privado y social. Fomentar la participaci\u00f3n activa de los j\u00f3venes y sus familias en el dise\u00f1o y ejecuci\u00f3n de la pol\u00edtica para garantizar que se adapten a sus necesidades y expectativas<\/p>\n<p>De esta manera, consolidar\u00eda un modelo global creciente de alimentaci\u00f3n sana (aceite de oliva extra virgen patag\u00f3nico org\u00e1nico y sus subproductos), que contribuye claramente en su estrategia al abordaje de aspectos territoriales atractores junto al Estado y el sector privado para abordar deficiencias tales como conectividad, transporte log\u00edstico y programas de educaci\u00f3n t\u00e9cnica y productiva.&#8221; font_container=&#8221;tag:h2|font_size:18|text_align:left|color:%235e5e5e&#8221; google_fonts=&#8221;font_family:Raleway%3A100%2C200%2C300%2Cregular%2C500%2C600%2C700%2C800%2C900|font_style:400%20regular%3A400%3Anormal&#8221;][vc_custom_heading text=&#8221;La pol\u00edtica de arraigo para j\u00f3venes y sus familias en el Polo Oliv\u00edcola de Patagonia Argentina debe ser integral y multifac\u00e9tica, abordando aspectos econ\u00f3micos, sociales y culturales para crear un entorno propicio para el desarrollo sustentable, una mejora en la calidad de vida para los habitantes de la regi\u00f3n y el fortalecimiento del v\u00ednculo con la misma. El \u00e9xito de esta pol\u00edtica depender\u00e1 de la colaboraci\u00f3n efectiva entre todos los actores involucrados y de la capacidad para adaptarse a las necesidades cambiantes de la comunidad.&#8221; font_container=&#8221;tag:h2|font_size:18|text_align:left|color:%235e5e5e&#8221; google_fonts=&#8221;font_family:Raleway%3A100%2C200%2C300%2Cregular%2C500%2C600%2C700%2C800%2C900|font_style:400%20regular%3A400%3Anormal&#8221;][vc_separator][\/vc_column][\/vc_row][vc_row][vc_column parallax=&#8221;content-moving&#8221; parallax_image=&#8221;306&#8243; parallax_speed_bg=&#8221;2&#8243; css=&#8221;.vc_custom_1649190150184{padding-top: 130px !important;padding-right: 130px !important;padding-bottom: 130px !important;padding-left: 130px !important;}&#8221; offset=&#8221;vc_hidden-xs&#8221;][\/vc_column][\/vc_row]<\/p>\n","protected":false},"excerpt":{"rendered":"<p>[vc_row][vc_column][vc_custom_heading text=&#8221;Pol\u00edtica de Arraigo&#8221; font_container=&#8221;tag:h2|font_size:56|text_align:left|color:%235e5e5e&#8221; google_fonts=&#8221;font_family:Lora%3Aregular%2Citalic%2C700%2C700italic|font_style:400%20regular%3A400%3Anormal&#8221;][\/vc_column][\/vc_row][vc_row][vc_column][vc_custom_heading text=&#8221;Pol\u00edtica de Arraigo propuesta por el Polo Oliv\u00edcola Patag\u00f3nico&#8221; font_container=&#8221;tag:h2|font_size:26|text_align:left|color:%235e5e5e&#8221; google_fonts=&#8221;font_family:Lora%3Aregular%2Citalic%2C700%2C700italic|font_style:400%20regular%3A400%3Anormal&#8221;][\/vc_column][\/vc_row][vc_row][vc_column][vc_custom_heading text=&#8221;Para el sector productivo, se renueva la necesidad imperiosa de revalorizar la producci\u00f3n local, lograr mayores posibilidades de financiaci\u00f3n de las actividades y los emprendimientos, as\u00ed como el acceso a la digitalizaci\u00f3n y &hellip;<\/p>\n","protected":false},"author":1,"featured_media":0,"parent":0,"menu_order":0,"comment_status":"closed","ping_status":"closed","template":"","meta":{"footnotes":""},"class_list":["post-180","page","type-page","status-publish","hentry"],"_links":{"self":[{"href":"https:\/\/olivospatagonia.ar\/index.php\/wp-json\/wp\/v2\/pages\/180","targetHints":{"allow":["GET"]}}],"collection":[{"href":"https:\/\/olivospatagonia.ar\/index.php\/wp-json\/wp\/v2\/pages"}],"about":[{"href":"https:\/\/olivospatagonia.ar\/index.php\/wp-json\/wp\/v2\/types\/page"}],"author":[{"embeddable":true,"href":"https:\/\/olivospatagonia.ar\/index.php\/wp-json\/wp\/v2\/users\/1"}],"replies":[{"embeddable":true,"href":"https:\/\/olivospatagonia.ar\/index.php\/wp-json\/wp\/v2\/comments?post=180"}],"version-history":[{"count":22,"href":"https:\/\/olivospatagonia.ar\/index.php\/wp-json\/wp\/v2\/pages\/180\/revisions"}],"predecessor-version":[{"id":590,"href":"https:\/\/olivospatagonia.ar\/index.php\/wp-json\/wp\/v2\/pages\/180\/revisions\/590"}],"wp:attachment":[{"href":"https:\/\/olivospatagonia.ar\/index.php\/wp-json\/wp\/v2\/media?parent=180"}],"curies":[{"name":"wp","href":"https:\/\/api.w.org\/{rel}","templated":true}]}}