{"id":191,"date":"2022-03-07T14:20:24","date_gmt":"2022-03-07T14:20:24","guid":{"rendered":"https:\/\/olivospatagonia.ar\/?page_id=191"},"modified":"2023-06-05T09:25:52","modified_gmt":"2023-06-05T09:25:52","slug":"adquisiciones","status":"publish","type":"page","link":"https:\/\/olivospatagonia.ar\/index.php\/adquisiciones\/","title":{"rendered":"Adquisiciones"},"content":{"rendered":"<p>[vc_row][vc_column][vc_custom_heading text=&#8221;Adquisiciones&#8221; font_container=&#8221;tag:h2|font_size:56|text_align:left|color:%235e5e5e&#8221; google_fonts=&#8221;font_family:Lora%3Aregular%2Citalic%2C700%2C700italic|font_style:400%20regular%3A400%3Anormal&#8221;][vc_custom_heading text=&#8221;iSUR se rige por las pol\u00edticas y procedimientos de adquisiciones, los cuales son dise\u00f1ados respetando la normativa que establece la Direcci\u00f3n de Programas y Proyectos Sectoriales y Especiales (DIPROSE) de la Subsecretar\u00eda de Gesti\u00f3n Administrativa de Innovaci\u00f3n P\u00fablica, dependiente de la Jefatura de Gabinete de Ministros de la Naci\u00f3n.&#8221; font_container=&#8221;tag:h2|font_size:18|text_align:left&#8221; google_fonts=&#8221;font_family:Raleway%3A100%2C200%2C300%2Cregular%2C500%2C600%2C700%2C800%2C900|font_style:400%20regular%3A400%3Anormal&#8221;][vc_custom_heading text=&#8221;Las adquisiciones contribuyen al alcance de los objetivos y metas en el marco del \u201cPrograma de Apoyo a la Convocatoria de Proyectos para el Desarrollo Arm\u00f3nico con Equilibrio Territorial\u00bb, pr\u00e9stamo FONPLATA ARG 51\/2021, que consiste en promover el Desarrollo Arm\u00f3nico en el territorio nacional a trav\u00e9s del fortalecimiento de proyectos orientados a la desconcentraci\u00f3n demogr\u00e1fica y productiva, referido en particular para el proyecto Polo Oliv\u00edcola Patag\u00f3nico.&#8221; font_container=&#8221;tag:h2|font_size:18|text_align:left&#8221; google_fonts=&#8221;font_family:Raleway%3A100%2C200%2C300%2Cregular%2C500%2C600%2C700%2C800%2C900|font_style:400%20regular%3A400%3Anormal&#8221;][vc_separator][vc_custom_heading text=&#8221;Adquisiciones del proyecto Polo Oliv\u00edcola Patag\u00f3nico&#8221; font_container=&#8221;tag:h2|font_size:25|text_align:left|color:%235e5e5e&#8221; google_fonts=&#8221;font_family:Lora%3Aregular%2Citalic%2C700%2C700italic|font_style:700%20bold%20regular%3A700%3Anormal&#8221;][vc_empty_space height=&#8221;37px&#8221;][\/vc_column][\/vc_row][vc_row][vc_column][vc_tta_accordion style=&#8221;modern&#8221; color=&#8221;white&#8221; active_section=&#8221;0&#8243;][vc_tta_section title=&#8221;Normativa&#8221; tab_id=&#8221;1651700297892-afb21edd-833b&#8221;][vc_custom_heading text=&#8221;Las adquisiciones del proyecto se llevar\u00e1n a cabo en el Marco Normativo determinado por:&#8221; font_container=&#8221;tag:h2|font_size:18|text_align:left&#8221; google_fonts=&#8221;font_family:Raleway%3A100%2C200%2C300%2Cregular%2C500%2C600%2C700%2C800%2C900|font_style:400%20regular%3A400%3Anormal&#8221;][vc_custom_heading text=&#8221;A. El Contrato de Pr\u00e9stamo FONPLATA ARG 51\/2021&#8243; font_container=&#8221;tag:h2|font_size:18|text_align:left&#8221; google_fonts=&#8221;font_family:Raleway%3A100%2C200%2C300%2Cregular%2C500%2C600%2C700%2C800%2C900|font_style:400%20regular%3A400%3Anormal&#8221;][vc_custom_heading text=&#8221;B. El Reglamento Operativo del Programa (ROP)&#8221; font_container=&#8221;tag:h2|font_size:18|text_align:left&#8221; google_fonts=&#8221;font_family:Raleway%3A100%2C200%2C300%2Cregular%2C500%2C600%2C700%2C800%2C900|font_style:400%20regular%3A400%3Anormal&#8221;][vc_custom_heading text=&#8221;C. El Convenio de Ejecuci\u00f3n y sus Anexos.&#8221; font_container=&#8221;tag:h2|font_size:18|text_align:left&#8221; google_fonts=&#8221;font_family:Raleway%3A100%2C200%2C300%2Cregular%2C500%2C600%2C700%2C800%2C900|font_style:400%20regular%3A400%3Anormal&#8221;][\/vc_tta_section][vc_tta_section title=&#8221;Principios que rigen los procesos de adquisiciones&#8221; tab_id=&#8221;1651700297893-2d2e690f-965b&#8221;][vc_custom_heading text=&#8221;\u2022 Buena relaci\u00f3n calidad-precio.&#8221; font_container=&#8221;tag:h2|font_size:18|text_align:left&#8221; google_fonts=&#8221;font_family:Raleway%3A100%2C200%2C300%2Cregular%2C500%2C600%2C700%2C800%2C900|font_style:400%20regular%3A400%3Anormal&#8221;][vc_custom_heading text=&#8221;\u2022 Imparcialidad, integridad, transparencia.&#8221; font_container=&#8221;tag:h2|font_size:18|text_align:left&#8221; google_fonts=&#8221;font_family:Raleway%3A100%2C200%2C300%2Cregular%2C500%2C600%2C700%2C800%2C900|font_style:400%20regular%3A400%3Anormal&#8221;][vc_custom_heading text=&#8221;\u2022 Competencia efectiva.&#8221; font_container=&#8221;tag:h2|font_size:18|text_align:left&#8221; google_fonts=&#8221;font_family:Raleway%3A100%2C200%2C300%2Cregular%2C500%2C600%2C700%2C800%2C900|font_style:400%20regular%3A400%3Anormal&#8221;][vc_custom_heading text=&#8221;\u2022 Inter\u00e9s por el alcance del proyecto Polo Oliv\u00edcola Patag\u00f3nico.&#8221; font_container=&#8221;tag:h2|font_size:18|text_align:left&#8221; google_fonts=&#8221;font_family:Raleway%3A100%2C200%2C300%2Cregular%2C500%2C600%2C700%2C800%2C900|font_style:400%20regular%3A400%3Anormal&#8221;][\/vc_tta_section][vc_tta_section title=&#8221;M\u00e9todos de Adquisici\u00f3n del Proyecto&#8221; tab_id=&#8221;1651700442062-7c0ff1dc-3a3e&#8221;][vc_custom_heading text=&#8221;Microcompra: Montos menores a USD 1.000 &#8211; m\u00e9todo simplificado para la adquisici\u00f3n de bienes, servicios y obras menores.&#8221; font_container=&#8221;tag:h2|font_size:18|text_align:left&#8221; google_fonts=&#8221;font_family:Raleway%3A100%2C200%2C300%2Cregular%2C500%2C600%2C700%2C800%2C900|font_style:400%20regular%3A400%3Anormal&#8221;][vc_custom_heading text=&#8221;Solicitud de Cotizaci\u00f3n: Montos mayores a USD 1.000 y menores a USD 10.000 &#8211; m\u00e9todo utilizado para la adquisici\u00f3n de bienes y obras, sin complejidad y\/o de menor cuant\u00eda.&#8221; font_container=&#8221;tag:h2|font_size:18|text_align:left&#8221; google_fonts=&#8221;font_family:Raleway%3A100%2C200%2C300%2Cregular%2C500%2C600%2C700%2C800%2C900|font_style:400%20regular%3A400%3Anormal&#8221;][vc_custom_heading text=&#8221;Solicitud de Propuesta para servicios simples: Montos mayores a USD 10.000 y menores a USD 50.000 y para servicios de cierta complejidad o expertise.&#8221; font_container=&#8221;tag:h2|font_size:18|text_align:left&#8221; google_fonts=&#8221;font_family:Raleway%3A100%2C200%2C300%2Cregular%2C500%2C600%2C700%2C800%2C900|font_style:400%20regular%3A400%3Anormal&#8221;][vc_custom_heading text=&#8221;Invitaci\u00f3n a Licitar realizada por DIPROSE: Montos mayores a USD 50.000 &#8211; m\u00e9todo formal para la adquisici\u00f3n de bienes y obras de mayor cuant\u00eda y\/o complejidad.&#8221; font_container=&#8221;tag:h2|font_size:18|text_align:left&#8221; google_fonts=&#8221;font_family:Raleway%3A100%2C200%2C300%2Cregular%2C500%2C600%2C700%2C800%2C900|font_style:400%20regular%3A400%3Anormal&#8221;][vc_custom_heading text=&#8221;Contratista Individual (sin monto asociado) &#8211; m\u00e9todo para la contrataci\u00f3n de servicios de consultor individual (CI por su sigla).&#8221; font_container=&#8221;tag:h2|font_size:18|text_align:left&#8221; google_fonts=&#8221;font_family:Raleway%3A100%2C200%2C300%2Cregular%2C500%2C600%2C700%2C800%2C900|font_style:400%20regular%3A400%3Anormal&#8221;][\/vc_tta_section][vc_tta_section title=&#8221;Procesos en curso&#8221; tab_id=&#8221;1668666017171-6850862d-0fd7&#8243;][vc_column_text]<\/p>\n<table>\n<thead>\n<tr>\n<td><strong>Fecha de publicaci\u00f3n<\/strong><\/td>\n<td><strong>Nombre del Proceso<\/strong><\/td>\n<td><strong>Sector<\/strong><\/td>\n<td><strong>Fecha l\u00edmite de presentaci\u00f3n<\/strong><\/td>\n<td><strong>Pliego<\/strong><\/td>\n<\/tr>\n<\/thead>\n<tbody>\n<tr>\n<td style=\"text-align: left;\"><\/td>\n<td><\/td>\n<td><\/td>\n<td><\/td>\n<td style=\"text-align: center;\"><\/td>\n<\/tr>\n<tr>\n<td><\/td>\n<td><\/td>\n<td><\/td>\n<td><\/td>\n<td><\/td>\n<\/tr>\n<tr>\n<td><\/td>\n<td><\/td>\n<td><\/td>\n<td><\/td>\n<td><\/td>\n<\/tr>\n<tr>\n<td><\/td>\n<td><\/td>\n<td><\/td>\n<td><\/td>\n<td><\/td>\n<\/tr>\n<tr>\n<td><\/td>\n<td><\/td>\n<td><\/td>\n<td><\/td>\n<td><\/td>\n<\/tr>\n<tr>\n<td><\/td>\n<td><\/td>\n<td><\/td>\n<td><\/td>\n<td><\/td>\n<\/tr>\n<tr>\n<td><\/td>\n<td><\/td>\n<td><\/td>\n<td><\/td>\n<td><\/td>\n<\/tr>\n<\/tbody>\n<\/table>\n<p>[\/vc_column_text][\/vc_tta_section][vc_tta_section title=&#8221;Procesos finalizados&#8221; tab_id=&#8221;1668666118290-5d9bc170-fcd1&#8243;][vc_row_inner][vc_column_inner][vc_column_text]<\/p>\n<table>\n<thead>\n<tr>\n<td><strong>Fecha de publicaci\u00f3n<\/strong><\/td>\n<td><strong>Nombre del Proceso<\/strong><\/td>\n<td><strong>Sector<\/strong><\/td>\n<td><strong>Fecha l\u00edmite de presentaci\u00f3n<\/strong><\/td>\n<td><strong>Pliego<\/strong><\/td>\n<\/tr>\n<\/thead>\n<tbody>\n<tr>\n<td>28\/10\/2022<\/td>\n<td>Coordinador\/a Proyecto Polo Oliv\u00edcola Patag\u00f3nico<\/td>\n<td>Personal<\/p>\n<p>(Enlace <a href=\"https:\/\/www.linkedin.com\/hiring\/jobs\/3355680344\">Linkedin<\/a>)<\/td>\n<td>11\/11\/2022<\/td>\n<td><a href=\"https:\/\/olivospatagonia.ar\/wp-content\/uploads\/2022\/11\/Anuncio-iSUR-Coordinador-Proyecto-Olivicola-Polo-Olivicola-Patagonico.pdf\">Ver<\/a><\/td>\n<\/tr>\n<tr>\n<td>31\/10\/2022<\/td>\n<td>Consultor\/a Profesional Especialista Oliv\u00edcola Proyecto Polo Oliv\u00edcola Patag\u00f3nico<\/td>\n<td>Personal<\/p>\n<p>(Enlace <a href=\"https:\/\/www.linkedin.com\/hiring\/jobs\/3348387419\">Linkedin<\/a>)<\/td>\n<td>14\/11\/2022<\/td>\n<td><a href=\"https:\/\/olivospatagonia.ar\/wp-content\/uploads\/2022\/11\/Anuncio-iSUR-Consultor-Experto-Olivicola-Polo-Olivicola-Patagonico.pdf\">Ver<\/a><\/td>\n<\/tr>\n<tr>\n<td>31\/10\/2022<\/td>\n<td>Consultor Dise\u00f1o Producto Proyecto Polo Oliv\u00edcola Patag\u00f3nico<\/td>\n<td>Personal<\/p>\n<p>(Enlace <a href=\"https:\/\/www.linkedin.com\/jobs\/view\/3348384578\/\">Linkedin<\/a>)<\/td>\n<td>14\/11\/2022<\/td>\n<td><a href=\"https:\/\/olivospatagonia.ar\/wp-content\/uploads\/2022\/11\/Anuncio-iSUR-Consultor-Tecnico-Diseno-Productos-Polo-Olivicola-Patagonico-1.pdf\">Ver<\/a><\/td>\n<\/tr>\n<tr>\n<td>01\/11\/2022<\/td>\n<td>T\u00e9cnico\/a Oliv\u00edcola Regi\u00f3n Patagonia<\/td>\n<td>Personal<\/p>\n<p>(Enlace <a href=\"https:\/\/www.linkedin.com\/hiring\/jobs\/3348391091\">Linkedin<\/a>)<\/td>\n<td>16\/11\/2022<\/td>\n<td><a href=\"https:\/\/olivospatagonia.ar\/wp-content\/uploads\/2022\/11\/Anuncio-iSUR-Tecnico-Olivicola-Proyecto-Polo-Olivicola-Patagonico.pdf\">Ver<\/a><\/td>\n<\/tr>\n<tr>\n<td>07\/11\/2022<\/td>\n<td>Materiales Cerco Perimetral Terreno Polo Oliv\u00edcola Patag\u00f3nico Dolavon Chubut<\/td>\n<td>Materiales<\/td>\n<td>23\/11\/2022<\/td>\n<td><a href=\"https:\/\/olivospatagonia.ar\/wp-content\/uploads\/2022\/11\/IDESUR-licitacion-Cercado-Terreno-Polo-Olivicola-Patagonico.pdf\">Ver\u00a0<\/a><\/td>\n<\/tr>\n<tr>\n<td>11\/11\/2022<\/td>\n<td>Adquisici\u00f3n de veh\u00edculo &#8211; Realizado por DIPROSE<\/td>\n<td>Equipamiento<\/td>\n<td>28\/11\/2022<\/td>\n<td><a href=\"https:\/\/www.argentina.gob.ar\/sites\/default\/files\/2022\/08\/pliego_adquisicion_de_vehiculo_para_publicar_11-11.pdf\">Ver<\/a><\/td>\n<\/tr>\n<tr>\n<td>18\/11\/2022<\/td>\n<td>Adquisici\u00f3n Invernadero Rusticadero &#8211; Realizado por DIPROSE<\/td>\n<td>Equipamiento<\/td>\n<td>05\/12\/2022<\/td>\n<td><a href=\"https:\/\/www.argentina.gob.ar\/sites\/default\/files\/2022\/08\/invernadero_polo_olivicola_patagonico.pdf\">Ver<\/a><\/td>\n<\/tr>\n<tr>\n<td>19\/12\/2022<\/td>\n<td>Asesor Legal Consorcio Proyecto Polo Oliv\u00edcola Patag\u00f3nico<\/td>\n<td>Personal<\/p>\n<p>(Enlace\u00a0<a href=\"https:\/\/www.linkedin.com\/jobs\/view\/3402448721\/\">Linkedin<\/a>)<\/p>\n<p>&nbsp;<\/td>\n<td>05\/01\/2023<\/td>\n<td><a href=\"https:\/\/olivospatagonia.ar\/wp-content\/uploads\/2022\/12\/Anuncio-iSUR-Asesor-Legal-Polo-Olivicola-Patagonico.pdf\">Ver<\/a><\/td>\n<\/tr>\n<tr>\n<td>9\/1\/2023<\/p>\n<p>&nbsp;<\/td>\n<td>Adquisici\u00f3n Invernadero Rusticadero<\/td>\n<td>Materiales<\/td>\n<td>24\/01\/2023<\/p>\n<p>&nbsp;<\/td>\n<td><a href=\"https:\/\/olivospatagonia.ar\/wp-content\/uploads\/2023\/01\/idesur_licitacion_invernadero_polo_olivicola_patagonico_materiales.pdf\">Ver<\/a><\/td>\n<\/tr>\n<tr>\n<td>28\/4\/23<\/td>\n<td>Adquisici\u00f3n de veh\u00edculo<\/td>\n<td>Veh\u00edculo<\/td>\n<td>13\/05\/2023<\/p>\n<p>&nbsp;<\/td>\n<td>Ver<\/td>\n<\/tr>\n<tr>\n<td>10\/5\/23<\/td>\n<td>Construcci\u00f3n Edificio Almazara Proyecto Polo Oliv\u00edcola Patag\u00f3nico<\/td>\n<td>Construcci\u00f3n<\/td>\n<td>26\/05\/2023<\/td>\n<td>Ver<\/td>\n<\/tr>\n<\/tbody>\n<\/table>\n<p>[\/vc_column_text][\/vc_column_inner][\/vc_row_inner][\/vc_tta_section][\/vc_tta_accordion][vc_empty_space][vc_custom_heading text=&#8221;Pol\u00edtica de iSUR Empresa Consultora contra el fraude y otras pr\u00e1cticas corruptas&#8221; font_container=&#8221;tag:h2|font_size:15|text_align:left|color:%231e73be&#8221; google_fonts=&#8221;font_family:Raleway%3A100%2C200%2C300%2Cregular%2C500%2C600%2C700%2C800%2C900|font_style:400%20regular%3A400%3Anormal&#8221; link=&#8221;url:https%3A%2F%2Fdrive.google.com%2Ffile%2Fd%2F12pLQybFZw-00TbbFfb65-t96zwAu4Md8%2Fview%3Fusp%3Dsharing&#8221;][vc_custom_heading text=&#8221;Obtenga m\u00e1s informaci\u00f3n sobre los procedimientos de adquisiciones establecidos para el Proyecto&#8221; font_container=&#8221;tag:h2|font_size:15|text_align:left|color:%231e73be&#8221; google_fonts=&#8221;font_family:Raleway%3A100%2C200%2C300%2Cregular%2C500%2C600%2C700%2C800%2C900|font_style:400%20regular%3A400%3Anormal&#8221; link=&#8221;url:https%3A%2F%2Fdrive.google.com%2Ffile%2Fd%2F1Cd2fd2ALaBd5xqNdWuFqjUKz0Ps9LhX1%2Fview%3Fusp%3Dsharing&#8221;][\/vc_column][\/vc_row]<\/p>\n","protected":false},"excerpt":{"rendered":"<p>[vc_row][vc_column][vc_custom_heading text=&#8221;Adquisiciones&#8221; font_container=&#8221;tag:h2|font_size:56|text_align:left|color:%235e5e5e&#8221; google_fonts=&#8221;font_family:Lora%3Aregular%2Citalic%2C700%2C700italic|font_style:400%20regular%3A400%3Anormal&#8221;][vc_custom_heading text=&#8221;iSUR se rige por las pol\u00edticas y procedimientos de adquisiciones, los cuales son dise\u00f1ados respetando la normativa que establece la Direcci\u00f3n de Programas y Proyectos Sectoriales y Especiales (DIPROSE) de la Subsecretar\u00eda de Gesti\u00f3n Administrativa de Innovaci\u00f3n P\u00fablica, dependiente de la Jefatura de Gabinete de Ministros &hellip;<\/p>\n","protected":false},"author":1,"featured_media":0,"parent":0,"menu_order":0,"comment_status":"closed","ping_status":"closed","template":"","meta":{"footnotes":""},"class_list":["post-191","page","type-page","status-publish","hentry"],"_links":{"self":[{"href":"https:\/\/olivospatagonia.ar\/index.php\/wp-json\/wp\/v2\/pages\/191","targetHints":{"allow":["GET"]}}],"collection":[{"href":"https:\/\/olivospatagonia.ar\/index.php\/wp-json\/wp\/v2\/pages"}],"about":[{"href":"https:\/\/olivospatagonia.ar\/index.php\/wp-json\/wp\/v2\/types\/page"}],"author":[{"embeddable":true,"href":"https:\/\/olivospatagonia.ar\/index.php\/wp-json\/wp\/v2\/users\/1"}],"replies":[{"embeddable":true,"href":"https:\/\/olivospatagonia.ar\/index.php\/wp-json\/wp\/v2\/comments?post=191"}],"version-history":[{"count":76,"href":"https:\/\/olivospatagonia.ar\/index.php\/wp-json\/wp\/v2\/pages\/191\/revisions"}],"predecessor-version":[{"id":570,"href":"https:\/\/olivospatagonia.ar\/index.php\/wp-json\/wp\/v2\/pages\/191\/revisions\/570"}],"wp:attachment":[{"href":"https:\/\/olivospatagonia.ar\/index.php\/wp-json\/wp\/v2\/media?parent=191"}],"curies":[{"name":"wp","href":"https:\/\/api.w.org\/{rel}","templated":true}]}}