{"id":2,"date":"2022-03-05T17:43:58","date_gmt":"2022-03-05T17:43:58","guid":{"rendered":"https:\/\/olivospatagonia.ar\/?page_id=2"},"modified":"2025-06-02T12:54:53","modified_gmt":"2025-06-02T12:54:53","slug":"polo-olivicola-patagonico","status":"publish","type":"page","link":"https:\/\/olivospatagonia.ar\/","title":{"rendered":""},"content":{"rendered":"<p>[vc_row][vc_column parallax=&#8221;content-moving&#8221; parallax_image=&#8221;247&#8243; parallax_speed_bg=&#8221;3.5&#8243; css=&#8221;.vc_custom_1649190884113{padding-top: 50px !important;padding-bottom: 50px !important;}&#8221; offset=&#8221;vc_col-xs-12&#8243;][vc_custom_heading text=&#8221;Polo Oliv\u00edcola Patag\u00f3nico&#8221; font_container=&#8221;tag:h2|font_size:50|text_align:center|color:%235e5e5e|line_height:1&#8243; google_fonts=&#8221;font_family:Lora%3Aregular%2Citalic%2C700%2C700italic|font_style:400%20regular%3A400%3Anormal&#8221;][\/vc_column][\/vc_row][vc_row][vc_column][vc_empty_space height=&#8221;60px&#8221;][\/vc_column][\/vc_row][vc_row][vc_column width=&#8221;2\/3&#8243; css=&#8221;.vc_custom_1678969512727{margin-top: 20px !important;}&#8221;][vc_custom_heading text=&#8221;Proyecto Polo Oliv\u00edcola Patag\u00f3nico&#8221; font_container=&#8221;tag:h2|font_size:26|text_align:left|color:%235e5e5e&#8221; google_fonts=&#8221;font_family:Lora%3Aregular%2Citalic%2C700%2C700italic|font_style:400%20regular%3A400%3Anormal&#8221;][vc_custom_heading text=&#8221;El proyecto impulsa un Polo Oliv\u00edcola Patag\u00f3nico de alcance regional aprovechando las ventajas y virtudes de la Patagonia, donde especialmente el Aceite de Oliva Virgen Extra nutrac\u00e9utico (beneficioso para la salud) ha demostrado con los an\u00e1lisis realizados, caracter\u00edsticas excepcionales comparado a los obtenidos en otras regiones del pa\u00eds y del mundo.<br \/>\nEl Polo responde a los lineamientos y alcances de los denominados Objetivos de Desarrollo Sostenible, impulsa el prop\u00f3sito de lograr una transformaci\u00f3n de gran impacto en la regi\u00f3n, promoviendo una comunidad m\u00e1s equitativa que amplifique las oportunidades y el bienestar, mediante una producci\u00f3n sustentable en los aspectos: econ\u00f3micos, sociales, ambientales y bajo el respeto a las culturas.&#8221; font_container=&#8221;tag:h2|font_size:18|text_align:left&#8221; google_fonts=&#8221;font_family:Raleway%3A100%2C200%2C300%2Cregular%2C500%2C600%2C700%2C800%2C900|font_style:400%20regular%3A400%3Anormal&#8221;][vc_empty_space][vc_row_inner][vc_column_inner width=&#8221;1\/2&#8243;][vc_btn title=&#8221;Conocer m\u00e1s sobre el proyecto&#8221; color=&#8221;success&#8221; size=&#8221;lg&#8221; align=&#8221;center&#8221; link=&#8221;url:https%3A%2F%2Folivospatagonia.ar%2Findex.php%2Fproyecto%2F|title:Proyecto&#8221;][\/vc_column_inner][vc_column_inner width=&#8221;1\/2&#8243;][vc_btn title=&#8221;El proyecto en tiempo real&#8221; size=&#8221;lg&#8221; align=&#8221;left&#8221; link=&#8221;url:https%3A%2F%2Folivospatagonia.ar%2Findex.php%2Fhoy%2F|title:Proyecto&#8221;][\/vc_column_inner][\/vc_row_inner][\/vc_column][vc_column width=&#8221;1\/3&#8243;][vc_single_image image=&#8221;544&#8243; img_size=&#8221;large&#8221; alignment=&#8221;center&#8221;][\/vc_column][\/vc_row][vc_row][vc_column width=&#8221;1\/6&#8243;][\/vc_column][vc_column width=&#8221;1\/6&#8243;][\/vc_column][vc_column width=&#8221;1\/6&#8243;][\/vc_column][vc_column width=&#8221;1\/6&#8243;][\/vc_column][vc_column width=&#8221;1\/6&#8243;][vc_single_image image=&#8221;411&#8243; img_size=&#8221;full&#8221; alignment=&#8221;center&#8221;][\/vc_column][vc_column width=&#8221;1\/6&#8243;][vc_single_image image=&#8221;412&#8243; img_size=&#8221;full&#8221; alignment=&#8221;center&#8221;][\/vc_column][\/vc_row][vc_row][vc_column][vc_empty_space][vc_separator border_width=&#8221;2&#8243;][vc_custom_heading text=&#8221;Novedades&#8221; font_container=&#8221;tag:h2|font_size:26|text_align:center|color:%235e5e5e&#8221; google_fonts=&#8221;font_family:Lora%3Aregular%2Citalic%2C700%2C700italic|font_style:400%20regular%3A400%3Anormal&#8221;][\/vc_column][\/vc_row][vc_row][vc_column][vc_tta_pageable no_fill_content_area=&#8221;true&#8221; autoplay=&#8221;4&#8243; active_section=&#8221;1&#8243;][vc_tta_section title=&#8221;Secci\u00f3n 1&#8243; tab_id=&#8221;1678969547978-99239e02-eb16&#8243;][vc_row_inner][vc_column_inner width=&#8221;1\/5&#8243;][vc_hoverbox image=&#8221;643&#8243; primary_title=&#8221;&#8221; primary_title_font_container=&#8221;font_size:5|line_height:1&#8243; primary_title_google_fonts=&#8221;font_family:Raleway%3A100%2C200%2C300%2Cregular%2C500%2C600%2C700%2C800%2C900|font_style:400%20regular%3A400%3Anormal&#8221; hover_title=&#8221;Patagonia celebra formar parte del mapa mundial del aceite de oliva&#8221; hover_title_font_container=&#8221;font_size:18&#8243; hover_title_google_fonts=&#8221;font_family:Raleway%3A100%2C200%2C300%2Cregular%2C500%2C600%2C700%2C800%2C900|font_style:400%20regular%3A400%3Anormal&#8221; shape=&#8221;square&#8221; align=&#8221;left&#8221; hover_btn_title=&#8221;Ver m\u00e1s&#8221; use_custom_fonts_primary_title=&#8221;true&#8221; use_custom_fonts_hover_title=&#8221;true&#8221; hover_add_button=&#8221;true&#8221; css=&#8221;.vc_custom_1748868886646{padding-bottom: 10px !important;}&#8221; hover_title_link=&#8221;url:https%3A%2F%2Folivospatagonia.ar%2Findex.php%2Fjornadas%2F&#8221; hover_btn_link=&#8221;url:https%3A%2F%2Fmasp.lmneuquen.com%2Fagricultura%2Fpatagonia-celebra-formar-parte-del-mapa-mundial-del-aceite-oliva-n1191438%2Famp&#8221;][\/vc_hoverbox][\/vc_column_inner][vc_column_inner width=&#8221;1\/5&#8243;][vc_hoverbox image=&#8221;546&#8243; primary_title=&#8221;&#8221; primary_title_font_container=&#8221;font_size:5|line_height:1&#8243; primary_title_google_fonts=&#8221;font_family:Raleway%3A100%2C200%2C300%2Cregular%2C500%2C600%2C700%2C800%2C900|font_style:400%20regular%3A400%3Anormal&#8221; hover_title=&#8221;Comenzaron las jornadas de capacitaci\u00f3n en el marco del proyecto del Polo Oliv\u00edcola Patag\u00f3nico&#8221; hover_title_font_container=&#8221;font_size:18&#8243; hover_title_google_fonts=&#8221;font_family:Raleway%3A100%2C200%2C300%2Cregular%2C500%2C600%2C700%2C800%2C900|font_style:400%20regular%3A400%3Anormal&#8221; shape=&#8221;square&#8221; align=&#8221;left&#8221; hover_btn_title=&#8221;Ver m\u00e1s&#8221; use_custom_fonts_primary_title=&#8221;true&#8221; use_custom_fonts_hover_title=&#8221;true&#8221; hover_add_button=&#8221;true&#8221; css=&#8221;.vc_custom_1679320230387{padding-bottom: 10px !important;}&#8221; hover_title_link=&#8221;url:https%3A%2F%2Folivospatagonia.ar%2Findex.php%2Fjornadas%2F&#8221; hover_btn_link=&#8221;url:https%3A%2F%2Folivospatagonia.ar%2Findex.php%2Fjornadas%2F&#8221;][\/vc_hoverbox][\/vc_column_inner][vc_column_inner width=&#8221;1\/5&#8243;][vc_hoverbox image=&#8221;533&#8243; primary_title=&#8221;&#8221; primary_title_font_container=&#8221;font_size:5|line_height:1&#8243; primary_title_google_fonts=&#8221;font_family:Raleway%3A100%2C200%2C300%2Cregular%2C500%2C600%2C700%2C800%2C900|font_style:400%20regular%3A400%3Anormal&#8221; hover_title=&#8221;Avanza creaci\u00f3n del Consorcio P\u00fablico-Privado Oliv\u00edcola en las ciudades del Valle&#8221; hover_title_font_container=&#8221;font_size:18&#8243; hover_title_google_fonts=&#8221;font_family:Raleway%3A100%2C200%2C300%2Cregular%2C500%2C600%2C700%2C800%2C900|font_style:400%20regular%3A400%3Anormal&#8221; shape=&#8221;square&#8221; align=&#8221;left&#8221; hover_btn_title=&#8221;Ver m\u00e1s&#8221; use_custom_fonts_primary_title=&#8221;true&#8221; use_custom_fonts_hover_title=&#8221;true&#8221; hover_add_button=&#8221;true&#8221; hover_btn_link=&#8221;url:https%3A%2F%2Fwww.elchubut.com.ar%2Fregionales%2F2023-2-28-22-27-0-avanza-creacion-del-consorcio-publico-privado-olivicola-en-las-ciudades-del-valle|target:_blank&#8221; hover_title_link=&#8221;url:https%3A%2F%2Fwww.elchubut.com.ar%2Fregionales%2F2023-2-28-22-27-0-avanza-creacion-del-consorcio-publico-privado-olivicola-en-las-ciudades-del-valle|target:_blank&#8221; css=&#8221;.vc_custom_1678143560169{padding-bottom: 10px !important;}&#8221;][\/vc_hoverbox][\/vc_column_inner][vc_column_inner width=&#8221;1\/5&#8243;][vc_hoverbox image=&#8221;531&#8243; primary_title=&#8221;&#8221; primary_align=&#8221;left&#8221; primary_title_font_container=&#8221;font_size:5|line_height:1&#8243; primary_title_google_fonts=&#8221;font_family:Raleway%3A100%2C200%2C300%2Cregular%2C500%2C600%2C700%2C800%2C900|font_style:400%20regular%3A400%3Anormal&#8221; hover_title=&#8221;Importante convenio de cooperaci\u00f3n entre el Municipio San Antonio y el Municipio de Dolavon&#8221; hover_title_font_container=&#8221;font_size:18&#8243; hover_title_google_fonts=&#8221;font_family:Raleway%3A100%2C200%2C300%2Cregular%2C500%2C600%2C700%2C800%2C900|font_style:400%20regular%3A400%3Anormal&#8221; shape=&#8221;square&#8221; align=&#8221;left&#8221; hover_btn_title=&#8221;Ver m\u00e1s&#8221; use_custom_fonts_primary_title=&#8221;true&#8221; use_custom_fonts_hover_title=&#8221;true&#8221; hover_add_button=&#8221;true&#8221; hover_btn_link=&#8221;url:https%3A%2F%2Fsanantoniooeste.gob.ar%2Fimportante-convenio-de-cooperacion-entre-el-municipio-san-antonio-y-el-municipio-de-dolavon%2F|target:_blank&#8221; hover_title_link=&#8221;url:https%3A%2F%2Fsanantoniooeste.gob.ar%2Fimportante-convenio-de-cooperacion-entre-el-municipio-san-antonio-y-el-municipio-de-dolavon%2F|target:_blank&#8221; css=&#8221;.vc_custom_1678143493340{padding-bottom: 10px !important;}&#8221;][\/vc_hoverbox][\/vc_column_inner][vc_column_inner width=&#8221;1\/5&#8243;][vc_hoverbox image=&#8221;441&#8243; primary_title=&#8221;&#8221; primary_align=&#8221;justify&#8221; primary_title_font_container=&#8221;font_size:5|line_height:1&#8243; primary_title_google_fonts=&#8221;font_family:Raleway%3A100%2C200%2C300%2Cregular%2C500%2C600%2C700%2C800%2C900|font_style:400%20regular%3A400%3Anormal&#8221; hover_title=&#8221;Dolavon: se llev\u00f3 a cabo el \u201cTaller de Trabajo del Proyecto Polo Oliv\u00edcola Patag\u00f3nico\u201d&#8221; hover_title_font_container=&#8221;font_size:18&#8243; hover_title_google_fonts=&#8221;font_family:Raleway%3A100%2C200%2C300%2Cregular%2C500%2C600%2C700%2C800%2C900|font_style:400%20regular%3A400%3Anormal&#8221; shape=&#8221;square&#8221; align=&#8221;right&#8221; hover_btn_title=&#8221;Ver m\u00e1s&#8221; use_custom_fonts_primary_title=&#8221;true&#8221; use_custom_fonts_hover_title=&#8221;true&#8221; hover_add_button=&#8221;true&#8221; hover_btn_link=&#8221;url:https%3A%2F%2Fwww.diariojornada.com.ar%2F334338%2Fmagazine%2Fdolavon_se_llevo_a_cabo_el_taller_de_trabajo_del_proyecto_polo_olivicola_patagonico|target:_blank&#8221; hover_title_link=&#8221;url:https%3A%2F%2Fwww.diariojornada.com.ar%2F334338%2Fmagazine%2Fdolavon_se_llevo_a_cabo_el_taller_de_trabajo_del_proyecto_polo_olivicola_patagonico|target:_blank&#8221; css=&#8221;.vc_custom_1678143503643{padding-bottom: 10px !important;}&#8221;][\/vc_hoverbox][\/vc_column_inner][\/vc_row_inner][\/vc_tta_section][\/vc_tta_pageable][\/vc_column][\/vc_row]<\/p>\n","protected":false},"excerpt":{"rendered":"<p>[vc_row][vc_column parallax=&#8221;content-moving&#8221; parallax_image=&#8221;247&#8243; parallax_speed_bg=&#8221;3.5&#8243; css=&#8221;.vc_custom_1649190884113{padding-top: 50px !important;padding-bottom: 50px !important;}&#8221; offset=&#8221;vc_col-xs-12&#8243;][vc_custom_heading text=&#8221;Polo Oliv\u00edcola Patag\u00f3nico&#8221; font_container=&#8221;tag:h2|font_size:50|text_align:center|color:%235e5e5e|line_height:1&#8243; google_fonts=&#8221;font_family:Lora%3Aregular%2Citalic%2C700%2C700italic|font_style:400%20regular%3A400%3Anormal&#8221;][\/vc_column][\/vc_row][vc_row][vc_column][vc_empty_space height=&#8221;60px&#8221;][\/vc_column][\/vc_row][vc_row][vc_column width=&#8221;2\/3&#8243; css=&#8221;.vc_custom_1678969512727{margin-top: 20px !important;}&#8221;][vc_custom_heading text=&#8221;Proyecto Polo Oliv\u00edcola Patag\u00f3nico&#8221; font_container=&#8221;tag:h2|font_size:26|text_align:left|color:%235e5e5e&#8221; google_fonts=&#8221;font_family:Lora%3Aregular%2Citalic%2C700%2C700italic|font_style:400%20regular%3A400%3Anormal&#8221;][vc_custom_heading text=&#8221;El proyecto impulsa un Polo Oliv\u00edcola Patag\u00f3nico de alcance regional aprovechando las ventajas y virtudes de la Patagonia, donde especialmente el Aceite de Oliva &hellip;<\/p>\n","protected":false},"author":1,"featured_media":0,"parent":0,"menu_order":1,"comment_status":"closed","ping_status":"closed","template":"","meta":{"footnotes":""},"class_list":["post-2","page","type-page","status-publish","hentry"],"_links":{"self":[{"href":"https:\/\/olivospatagonia.ar\/index.php\/wp-json\/wp\/v2\/pages\/2","targetHints":{"allow":["GET"]}}],"collection":[{"href":"https:\/\/olivospatagonia.ar\/index.php\/wp-json\/wp\/v2\/pages"}],"about":[{"href":"https:\/\/olivospatagonia.ar\/index.php\/wp-json\/wp\/v2\/types\/page"}],"author":[{"embeddable":true,"href":"https:\/\/olivospatagonia.ar\/index.php\/wp-json\/wp\/v2\/users\/1"}],"replies":[{"embeddable":true,"href":"https:\/\/olivospatagonia.ar\/index.php\/wp-json\/wp\/v2\/comments?post=2"}],"version-history":[{"count":134,"href":"https:\/\/olivospatagonia.ar\/index.php\/wp-json\/wp\/v2\/pages\/2\/revisions"}],"predecessor-version":[{"id":644,"href":"https:\/\/olivospatagonia.ar\/index.php\/wp-json\/wp\/v2\/pages\/2\/revisions\/644"}],"wp:attachment":[{"href":"https:\/\/olivospatagonia.ar\/index.php\/wp-json\/wp\/v2\/media?parent=2"}],"curies":[{"name":"wp","href":"https:\/\/api.w.org\/{rel}","templated":true}]}}