{"id":211,"date":"2022-03-07T15:24:06","date_gmt":"2022-03-07T15:24:06","guid":{"rendered":"https:\/\/olivospatagonia.ar\/?page_id=211"},"modified":"2022-12-31T12:27:05","modified_gmt":"2022-12-31T12:27:05","slug":"banco-datos","status":"publish","type":"page","link":"https:\/\/olivospatagonia.ar\/index.php\/banco-datos\/","title":{"rendered":"Banco de Datos"},"content":{"rendered":"<p>[vc_row][vc_column][vc_custom_heading text=&#8221;Banco de datos&#8221; font_container=&#8221;tag:h2|font_size:56|text_align:left|color:%235e5e5e&#8221; google_fonts=&#8221;font_family:Lora%3Aregular%2Citalic%2C700%2C700italic|font_style:400%20regular%3A400%3Anormal&#8221;][vc_custom_heading text=&#8221;El objetivo general del Banco de Datos para el Polo Oliv\u00edcola Patag\u00f3nico es dise\u00f1ar un Programa de Olivicultura Inteligente Patag\u00f3nica (POIP) que contribuya a incrementar la competitividad y productividad del sector oliv\u00edcola en la Patagonia Argentina, aportando conocimiento para la incorporaci\u00f3n y adopci\u00f3n de tecnolog\u00eda y el manejo integral, eficiente y sostenible de los olivares, la puesta en valor de los atributos diferenciales de la producci\u00f3n, y el dise\u00f1o de pol\u00edticas p\u00fablicas de gesti\u00f3n de recursos f\u00edsico-ambientales para el sector.&#8221; font_container=&#8221;tag:h2|font_size:18|text_align:left&#8221; google_fonts=&#8221;font_family:Raleway%3A100%2C200%2C300%2Cregular%2C500%2C600%2C700%2C800%2C900|font_style:400%20regular%3A400%3Anormal&#8221;][vc_custom_heading text=&#8221;Los datos del Programa de Olivicultura Inteligente Patag\u00f3nica (POIP) son pertinentes a los fines de aportar conocimiento para elaboraci\u00f3n de pol\u00edticas p\u00fablicas. En especial, para contribuir a la sostenibilidad de los procesos productivos, en concomitancia y acci\u00f3n sin\u00e9rgica con la conservaci\u00f3n y puesta en valor de los recursos naturales en agroecosistemas espec\u00edficos sean vulnerables o no.&#8221; font_container=&#8221;tag:h2|font_size:18|text_align:left&#8221; google_fonts=&#8221;font_family:Raleway%3A100%2C200%2C300%2Cregular%2C500%2C600%2C700%2C800%2C900|font_style:400%20regular%3A400%3Anormal&#8221;][vc_custom_heading text=&#8221;El Banco de Datos es tambi\u00e9n relevante a los fines del aporte que representa para el sector productivo de bienes y servicios como informaci\u00f3n fundamental para apoyar la toma de decisiones con mayor racionalidad, previsibilidad y sostenibilidad en el tiempo.<\/p>\n<p>El conocimiento agroecol\u00f3gico preciso de los sitios, particularidades y reconocimiento de problem\u00e1ticas que pueden comprometer el futuro de la actividad contribuye a reducir los riesgos de nuevas inversiones agroindustriales, dar respuesta a las preferencias de los consumidores y promover procesos tanto de desarrollo como de planificaci\u00f3n territorial.<\/p>\n<p>Como base para el Consorcio de Certificaci\u00f3n el Banco de Datos es relevante a los fines de generar informaci\u00f3n para la caracterizaci\u00f3n de zonas agroecon\u00f3micas homog\u00e9neas en territorios aptos de certificaci\u00f3n de Identificaci\u00f3n Geogr\u00e1fica Protegida (IGP) en la Patagonia.&#8221; font_container=&#8221;tag:h2|font_size:18|text_align:left&#8221; google_fonts=&#8221;font_family:Raleway%3A100%2C200%2C300%2Cregular%2C500%2C600%2C700%2C800%2C900|font_style:400%20regular%3A400%3Anormal&#8221;][\/vc_column][\/vc_row][vc_row][vc_column][vc_gmaps link=&#8221;#E-8_JTNDaWZyYW1lJTIwc3JjJTNEJTIyaHR0cHMlM0ElMkYlMkZ3d3cuZ29vZ2xlLmNvbSUyRm1hcHMlMkZkJTJGZW1iZWQlM0ZtaWQlM0QxM2hyS0tfY1I3N1pZd1ZLbkkxdmlQamhYY2VLVk80TSUyNmVoYmMlM0QyRTMxMkYlMjIlMjB3aWR0aCUzRCUyMjY0MCUyMiUyMGhlaWdodCUzRCUyMjQ4MCUyMiUzRSUzQyUyRmlmcmFtZSUzRQ==&#8221; title=&#8221;Mapa Banco de Datos Proyecto Polo Oliv\u00edcola Patag\u00f3nico&#8221;][\/vc_column][\/vc_row]<\/p>\n","protected":false},"excerpt":{"rendered":"<p>[vc_row][vc_column][vc_custom_heading text=&#8221;Banco de datos&#8221; font_container=&#8221;tag:h2|font_size:56|text_align:left|color:%235e5e5e&#8221; google_fonts=&#8221;font_family:Lora%3Aregular%2Citalic%2C700%2C700italic|font_style:400%20regular%3A400%3Anormal&#8221;][vc_custom_heading text=&#8221;El objetivo general del Banco de Datos para el Polo Oliv\u00edcola Patag\u00f3nico es dise\u00f1ar un Programa de Olivicultura Inteligente Patag\u00f3nica (POIP) que contribuya a incrementar la competitividad y productividad del sector oliv\u00edcola en la Patagonia Argentina, aportando conocimiento para la incorporaci\u00f3n y adopci\u00f3n de &hellip;<\/p>\n","protected":false},"author":1,"featured_media":0,"parent":0,"menu_order":0,"comment_status":"closed","ping_status":"closed","template":"","meta":{"footnotes":""},"class_list":["post-211","page","type-page","status-publish","hentry"],"_links":{"self":[{"href":"https:\/\/olivospatagonia.ar\/index.php\/wp-json\/wp\/v2\/pages\/211","targetHints":{"allow":["GET"]}}],"collection":[{"href":"https:\/\/olivospatagonia.ar\/index.php\/wp-json\/wp\/v2\/pages"}],"about":[{"href":"https:\/\/olivospatagonia.ar\/index.php\/wp-json\/wp\/v2\/types\/page"}],"author":[{"embeddable":true,"href":"https:\/\/olivospatagonia.ar\/index.php\/wp-json\/wp\/v2\/users\/1"}],"replies":[{"embeddable":true,"href":"https:\/\/olivospatagonia.ar\/index.php\/wp-json\/wp\/v2\/comments?post=211"}],"version-history":[{"count":15,"href":"https:\/\/olivospatagonia.ar\/index.php\/wp-json\/wp\/v2\/pages\/211\/revisions"}],"predecessor-version":[{"id":572,"href":"https:\/\/olivospatagonia.ar\/index.php\/wp-json\/wp\/v2\/pages\/211\/revisions\/572"}],"wp:attachment":[{"href":"https:\/\/olivospatagonia.ar\/index.php\/wp-json\/wp\/v2\/media?parent=211"}],"curies":[{"name":"wp","href":"https:\/\/api.w.org\/{rel}","templated":true}]}}