{"id":513,"date":"2023-02-10T12:04:49","date_gmt":"2023-02-10T12:04:49","guid":{"rendered":"https:\/\/olivospatagonia.ar\/?page_id=513"},"modified":"2023-02-10T14:01:58","modified_gmt":"2023-02-10T14:01:58","slug":"germoplasma","status":"publish","type":"page","link":"https:\/\/olivospatagonia.ar\/index.php\/germoplasma\/","title":{"rendered":"Proyecto de Germoplasma"},"content":{"rendered":"<p>[vc_row][vc_column][vc_custom_heading text=&#8221;Proyecto de Germoplasma de ECOTIPOS PATAG\u00d3NICOS DE OLIVO (Olea europaea subesp. europaea Linn)&#8221; font_container=&#8221;tag:h2|font_size:45|text_align:left|color:%235e5e5e|line_height:1&#8243; google_fonts=&#8221;font_family:Lora%3Aregular%2Citalic%2C700%2C700italic|font_style:400%20regular%3A400%3Anormal&#8221;][\/vc_column][\/vc_row][vc_row][vc_column][vc_custom_heading text=&#8221;Entre los antecedentes del Polo Oliv\u00edcola Patag\u00f3nico contamos con un relevamiento preliminar en distintas zonas patag\u00f3nicas de ejemplares de olivo de distintas variedades que en algunos casos superan  los 100 a\u00f1os. Interesa en particular una serie de ejemplares plantados entre los a\u00f1os 1946-1955 como parte de un programa nacional desde la entonces Corporaci\u00f3n Nacional Oliv\u00edcola.&#8221; font_container=&#8221;tag:h2|font_size:18|text_align:left&#8221; google_fonts=&#8221;font_family:Raleway%3A100%2C200%2C300%2Cregular%2C500%2C600%2C700%2C800%2C900|font_style:400%20regular%3A400%3Anormal&#8221;][vc_custom_heading text=&#8221;Este Proyecto contempla una serie de sinergias a partir de la experiencia nacional lograda por instituciones como las del INTA San Juan, que tiene la colecci\u00f3n de olivos m\u00e1s grande de Am\u00e9rica y es referencia mundial destacada por el International Olive Oil Council (IOC), la misma est\u00e1 en el Anexo San Mart\u00edn de INTA.  Asimismo, atendiendo que el Polo Oliv\u00edcola Patag\u00f3nico se orienta a procesos de calidad bajo las normativas nacionales e internacionales de exportaci\u00f3n se buscar\u00e1 la cooperaci\u00f3n con el Instituto Nacional de Semillas (INASE) y SENASA en particular.&#8221; font_container=&#8221;tag:h2|font_size:18|text_align:left&#8221; google_fonts=&#8221;font_family:Raleway%3A100%2C200%2C300%2Cregular%2C500%2C600%2C700%2C800%2C900|font_style:400%20regular%3A400%3Anormal&#8221;][vc_custom_heading text=&#8221;Tambi\u00e9n se buscar\u00e1 aprovechar los aprendizajes logrados por diversos proyectos de investigaci\u00f3n de INTA, CONICET, e instituciones universitarias nacionales (en particular UNPSJB) e internacionales, respecto del comportamiento de estos ejemplares ante distintos factores ambientales, bi\u00f3ticos y abi\u00f3ticos, espec\u00edficos de las diversas zonas patag\u00f3nicas.&#8221; font_container=&#8221;tag:h2|font_size:18|text_align:left&#8221; google_fonts=&#8221;font_family:Raleway%3A100%2C200%2C300%2Cregular%2C500%2C600%2C700%2C800%2C900|font_style:400%20regular%3A400%3Anormal&#8221;][vc_custom_heading text=&#8221;Desde el punto de vista de la evaluaci\u00f3n de los  cultivares se utilizar\u00e1n todos los protocolos establecidos respecto de la caracterizaci\u00f3n morfol\u00f3gica, bioqu\u00edmica y molecular de los olivos, precisando la caracterizaci\u00f3n gen\u00e9tica, previo a la generaci\u00f3n masiva de esquejes que puedan estar disponibles para productores, en particular peque\u00f1os y medianos de la regi\u00f3n.&#8221; font_container=&#8221;tag:h2|font_size:18|text_align:left&#8221; google_fonts=&#8221;font_family:Raleway%3A100%2C200%2C300%2Cregular%2C500%2C600%2C700%2C800%2C900|font_style:400%20regular%3A400%3Anormal&#8221;][vc_custom_heading text=&#8221;Dentro de estos protocolos, est\u00e1 prevista la molturaci\u00f3n de aceite de cada una de las accesiones  para evaluar los rendimientos de cada variedad, lograr una caracterizaci\u00f3n de cualidades qu\u00edmicas y organol\u00e9pticas precisa el enfoque productivo del programa y recomendando las pr\u00e1cticas de manejo, con base cient\u00edfica y tecnol\u00f3gica.&#8221; font_container=&#8221;tag:h2|font_size:18|text_align:left&#8221; google_fonts=&#8221;font_family:Raleway%3A100%2C200%2C300%2Cregular%2C500%2C600%2C700%2C800%2C900|font_style:400%20regular%3A400%3Anormal&#8221;][vc_custom_heading text=&#8221;En la sede Dolavon (Chubut), en construcci\u00f3n, se dispondr\u00e1n adem\u00e1s unas colecciones a campo, con un doble prop\u00f3sito, mantener el Banco de Germoplasma de olivo y evaluar sistemas de manejo, considerando que sitio tendr\u00e1 adem\u00e1s un programa de formaci\u00f3n permanente para productores de la regi\u00f3n.&#8221; font_container=&#8221;tag:h2|font_size:18|text_align:left&#8221; google_fonts=&#8221;font_family:Raleway%3A100%2C200%2C300%2Cregular%2C500%2C600%2C700%2C800%2C900|font_style:400%20regular%3A400%3Anormal&#8221;][vc_empty_space][\/vc_column][\/vc_row][vc_row][vc_column][vc_single_image image=&#8221;525&#8243; img_size=&#8221;large&#8221; alignment=&#8221;center&#8221;][\/vc_column][\/vc_row]<\/p>\n","protected":false},"excerpt":{"rendered":"<p>[vc_row][vc_column][vc_custom_heading text=&#8221;Proyecto de Germoplasma de ECOTIPOS PATAG\u00d3NICOS DE OLIVO (Olea europaea subesp. europaea Linn)&#8221; font_container=&#8221;tag:h2|font_size:45|text_align:left|color:%235e5e5e|line_height:1&#8243; google_fonts=&#8221;font_family:Lora%3Aregular%2Citalic%2C700%2C700italic|font_style:400%20regular%3A400%3Anormal&#8221;][\/vc_column][\/vc_row][vc_row][vc_column][vc_custom_heading text=&#8221;Entre los antecedentes del Polo Oliv\u00edcola Patag\u00f3nico contamos con un relevamiento preliminar en distintas zonas patag\u00f3nicas de ejemplares de olivo de distintas variedades que en algunos casos superan los 100 a\u00f1os. Interesa en particular &hellip;<\/p>\n","protected":false},"author":1,"featured_media":0,"parent":0,"menu_order":0,"comment_status":"closed","ping_status":"closed","template":"","meta":{"footnotes":""},"class_list":["post-513","page","type-page","status-publish","hentry"],"_links":{"self":[{"href":"https:\/\/olivospatagonia.ar\/index.php\/wp-json\/wp\/v2\/pages\/513","targetHints":{"allow":["GET"]}}],"collection":[{"href":"https:\/\/olivospatagonia.ar\/index.php\/wp-json\/wp\/v2\/pages"}],"about":[{"href":"https:\/\/olivospatagonia.ar\/index.php\/wp-json\/wp\/v2\/types\/page"}],"author":[{"embeddable":true,"href":"https:\/\/olivospatagonia.ar\/index.php\/wp-json\/wp\/v2\/users\/1"}],"replies":[{"embeddable":true,"href":"https:\/\/olivospatagonia.ar\/index.php\/wp-json\/wp\/v2\/comments?post=513"}],"version-history":[{"count":6,"href":"https:\/\/olivospatagonia.ar\/index.php\/wp-json\/wp\/v2\/pages\/513\/revisions"}],"predecessor-version":[{"id":526,"href":"https:\/\/olivospatagonia.ar\/index.php\/wp-json\/wp\/v2\/pages\/513\/revisions\/526"}],"wp:attachment":[{"href":"https:\/\/olivospatagonia.ar\/index.php\/wp-json\/wp\/v2\/media?parent=513"}],"curies":[{"name":"wp","href":"https:\/\/api.w.org\/{rel}","templated":true}]}}