{"id":562,"date":"2023-03-29T09:59:35","date_gmt":"2023-03-29T09:59:35","guid":{"rendered":"https:\/\/olivospatagonia.ar\/?page_id=562"},"modified":"2023-03-29T10:01:15","modified_gmt":"2023-03-29T10:01:15","slug":"formulario-banco-tierras-aptas-cultivo","status":"publish","type":"page","link":"https:\/\/olivospatagonia.ar\/index.php\/banco-datos\/formulario-banco-tierras-aptas-cultivo\/","title":{"rendered":"Formulario Banco Tierras Aptas Cultivo"},"content":{"rendered":"\n<div class=\"wp-block-media-text alignwide is-stacked-on-mobile\"><figure class=\"wp-block-media-text__media\"><img loading=\"lazy\" decoding=\"async\" width=\"1024\" height=\"576\" src=\"https:\/\/olivospatagonia.ar\/wp-content\/uploads\/2023\/03\/Polo-Olivicola-1024x576.jpg\" alt=\"\" class=\"wp-image-563 size-full\" srcset=\"https:\/\/olivospatagonia.ar\/wp-content\/uploads\/2023\/03\/Polo-Olivicola-1024x576.jpg 1024w, https:\/\/olivospatagonia.ar\/wp-content\/uploads\/2023\/03\/Polo-Olivicola-300x169.jpg 300w, https:\/\/olivospatagonia.ar\/wp-content\/uploads\/2023\/03\/Polo-Olivicola-768x432.jpg 768w, https:\/\/olivospatagonia.ar\/wp-content\/uploads\/2023\/03\/Polo-Olivicola-800x450.jpg 800w, https:\/\/olivospatagonia.ar\/wp-content\/uploads\/2023\/03\/Polo-Olivicola-512x288.jpg 512w, https:\/\/olivospatagonia.ar\/wp-content\/uploads\/2023\/03\/Polo-Olivicola.jpg 1094w\" sizes=\"auto, (max-width: 1024px) 100vw, 1024px\" \/><\/figure><div class=\"wp-block-media-text__content\">\n<p>Si su Instituci\u00f3n \/ Municipio \/ Cooperativa \/ Asociaci\u00f3n \/ Grupo Productores \/ Comunidad Originaria recibi\u00f3 la confirmaci\u00f3n oficial y fue invitado a participar del Programa Polo Oliv\u00edcola Patag\u00f3nico deber\u00e1 completar los datos del Formulario del Banco de Tierras exigible. <a href=\"https:\/\/forms.gle\/JEAamZigis9DoDH27\">HACIENDO CLIK ACA<\/a><\/p>\n<\/div><\/div>\n","protected":false},"excerpt":{"rendered":"<p>Si su Instituci\u00f3n \/ Municipio \/ Cooperativa \/ Asociaci\u00f3n \/ Grupo Productores \/ Comunidad Originaria recibi\u00f3 la confirmaci\u00f3n oficial y fue invitado a participar del Programa Polo Oliv\u00edcola Patag\u00f3nico deber\u00e1 completar los datos del Formulario del Banco de Tierras exigible. HACIENDO CLIK ACA<\/p>\n","protected":false},"author":1,"featured_media":0,"parent":211,"menu_order":0,"comment_status":"closed","ping_status":"closed","template":"","meta":{"footnotes":""},"class_list":["post-562","page","type-page","status-publish","hentry"],"_links":{"self":[{"href":"https:\/\/olivospatagonia.ar\/index.php\/wp-json\/wp\/v2\/pages\/562","targetHints":{"allow":["GET"]}}],"collection":[{"href":"https:\/\/olivospatagonia.ar\/index.php\/wp-json\/wp\/v2\/pages"}],"about":[{"href":"https:\/\/olivospatagonia.ar\/index.php\/wp-json\/wp\/v2\/types\/page"}],"author":[{"embeddable":true,"href":"https:\/\/olivospatagonia.ar\/index.php\/wp-json\/wp\/v2\/users\/1"}],"replies":[{"embeddable":true,"href":"https:\/\/olivospatagonia.ar\/index.php\/wp-json\/wp\/v2\/comments?post=562"}],"version-history":[{"count":1,"href":"https:\/\/olivospatagonia.ar\/index.php\/wp-json\/wp\/v2\/pages\/562\/revisions"}],"predecessor-version":[{"id":564,"href":"https:\/\/olivospatagonia.ar\/index.php\/wp-json\/wp\/v2\/pages\/562\/revisions\/564"}],"up":[{"embeddable":true,"href":"https:\/\/olivospatagonia.ar\/index.php\/wp-json\/wp\/v2\/pages\/211"}],"wp:attachment":[{"href":"https:\/\/olivospatagonia.ar\/index.php\/wp-json\/wp\/v2\/media?parent=562"}],"curies":[{"name":"wp","href":"https:\/\/api.w.org\/{rel}","templated":true}]}}