{"id":595,"date":"2025-05-06T13:49:00","date_gmt":"2025-05-06T13:49:00","guid":{"rendered":"https:\/\/olivospatagonia.ar\/?page_id=595"},"modified":"2025-05-13T14:11:36","modified_gmt":"2025-05-13T14:11:36","slug":"hoy","status":"publish","type":"page","link":"https:\/\/olivospatagonia.ar\/index.php\/hoy\/","title":{"rendered":"El Proyecto en Tiempo Real"},"content":{"rendered":"<p>[vc_row][vc_column][vc_custom_heading text=&#8221;El proyecto en tiempo real&#8221; font_container=&#8221;tag:h2|font_size:56|text_align:left|color:%235e5e5e|line_height:1&#8243; google_fonts=&#8221;font_family:Lora%3Aregular%2Citalic%2C700%2C700italic|font_style:400%20regular%3A400%3Anormal&#8221;][\/vc_column][\/vc_row][vc_row][vc_column width=&#8221;1\/3&#8243;][vc_custom_heading text=&#8221;2021&#8243; font_container=&#8221;tag:h2|font_size:14|text_align:center|color:%23ffffff|line_height:2&#8243; google_fonts=&#8221;font_family:Raleway%3A100%2C200%2C300%2Cregular%2C500%2C600%2C700%2C800%2C900|font_style:400%20regular%3A400%3Anormal&#8221; css=&#8221;.vc_custom_1747141076497{background-color: #d1d1d1 !important;border-radius: 20px !important;}&#8221;][vc_custom_heading text=&#8221;El proyecto fue elegido como uno de los 21 finalistas entre 664 perfiles de proyectos presentados&#8221; font_container=&#8221;tag:h2|font_size:22|text_align:left&#8221; google_fonts=&#8221;font_family:Raleway%3A100%2C200%2C300%2Cregular%2C500%2C600%2C700%2C800%2C900|font_style:600%20bold%20regular%3A600%3Anormal&#8221;][vc_custom_heading text=&#8221;Para la preselecci\u00f3n, el Comit\u00e9 Ejecutivo cont\u00f3 con la asistencia de t\u00e9cnicos y profesionales de diversas instituciones p\u00fablicas, que analizaron los proyectos y preseleccionaron CINCUENTA proyectos, indicando sugerencias y recomendaciones.&#8221; font_container=&#8221;tag:h2|font_size:13|text_align:left&#8221; google_fonts=&#8221;font_family:Raleway%3A100%2C200%2C300%2Cregular%2C500%2C600%2C700%2C800%2C900|font_style:400%20regular%3A400%3Anormal&#8221;][vc_custom_heading text=&#8221;El Jurado en conjunto con la Jefatura de Gabinete de la Naci\u00f3n y el Consejo Econ\u00f3mico y Social (CES), culmin\u00f3 su trabajo de an\u00e1lisis y aprob\u00f3 el dictamen para la recepci\u00f3n de los Aportes No Reembolsables a 21 Proyectos.&#8221; font_container=&#8221;tag:h2|font_size:13|text_align:left&#8221; google_fonts=&#8221;font_family:Raleway%3A100%2C200%2C300%2Cregular%2C500%2C600%2C700%2C800%2C900|font_style:400%20regular%3A400%3Anormal&#8221;][vc_custom_heading text=&#8221;2022&#8243; font_container=&#8221;tag:h2|font_size:14|text_align:center|color:%23ffffff|line_height:2&#8243; google_fonts=&#8221;font_family:Raleway%3A100%2C200%2C300%2Cregular%2C500%2C600%2C700%2C800%2C900|font_style:400%20regular%3A400%3Anormal&#8221; css=&#8221;.vc_custom_1746547889878{background-color: #d1d1d1 !important;border-radius: 20px !important;}&#8221;][vc_custom_heading text=&#8221;Se concluy\u00f3 la Suscripci\u00f3n del Convenio de Ejecuci\u00f3n el d\u00eda 24 de Octubre de 2022, entre la jefatura de Gabinete de Ministros, representada en ese acto por el titular de la SECRETAR\u00cdA DE RELACIONES CON LA SOCIEDAD CIVIL Y DESARROLLO COMUNITARIO y por los socios Directores de IDESUR S.R.L., en representaci\u00f3n de la misma.&#8221; font_container=&#8221;tag:h2|font_size:13|text_align:left&#8221; google_fonts=&#8221;font_family:Raleway%3A100%2C200%2C300%2Cregular%2C500%2C600%2C700%2C800%2C900|font_style:400%20regular%3A400%3Anormal&#8221;][vc_toggle title=&#8221;Leer m\u00e1s sobre el proceso&#8221; size=&#8221;sm&#8221; custom_font_container=&#8221;tag:h2|font_size:15|text_align:left&#8221; custom_google_fonts=&#8221;font_family:Raleway%3A100%2C200%2C300%2Cregular%2C500%2C600%2C700%2C800%2C900|font_style:400%20regular%3A400%3Anormal&#8221; use_custom_heading=&#8221;true&#8221;]El 3 de mayo de 2021, mediante el Decreto N\u00ba 290, la REP\u00daBLICA ARGENTINA y el FONDO FINANCIERO PARA EL DESARROLLO DE LA CUENCA DEL PLATA (FONPLATA) aprueban el Modelo de Contrato de Pr\u00e9stamo N\u00b0 ARG-51\/2021 a celebrarse entre las partes, Convenio N\u00b0 CONVE-2021-50637226-APN-SSRFID#SAE, destinado a financiar el \u201cPrograma de Apoyo a la Convocatoria de Proyectos para el Desarrollo Arm\u00f3nico con Equilibrio Territorial\u201d, contrato que fue firmado y formalizado el 3 de junio del mismo a\u00f1o, marco en el cual es seleccionado el Proyecto Polo Oliv\u00edcola Patag\u00f3nico.<\/p>\n<p>El proceso de selecci\u00f3n const\u00f3 de siete (7) Etapas, se inici\u00f3 con la Etapa 1. Presentaci\u00f3n de la Expresi\u00f3n de Inter\u00e9s, entre el 7 de junio y el 8 de julio de 2021, en el que cabe resaltar que como resultado de la Convocatoria se presentaron SEISCIENTOS SESENTA Y CUATRO (664) Perfiles de Proyecto que se agruparon en cuatro ejes estrat\u00e9gicos y cinco regiones geogr\u00e1ficas; Etapa 2. An\u00e1lisis de Admisibilidad formal y t\u00e9cnica de los Perfiles de Proyecto presentados, realizada por el Comit\u00e9 Ejecutivo del Programa y que como resultado de este an\u00e1lisis se elabor\u00f3 y public\u00f3 un listado de CIENTO TRES (103) Perfiles de Proyecto admitidos; que se solicit\u00f3 seg\u00fan la Etapa 3 a los postulantes de estos perfiles Admitidos la presentaci\u00f3n de los proyectos con detalles especificados en los TDR de la convocatoria; que realizadas estas presentaciones y en cumplimiento de la Etapa 4 se procedi\u00f3 a la preselecci\u00f3n de los proyectos, para lo cual el Comit\u00e9 Ejecutivo aprob\u00f3 y aplic\u00f3 una matriz para la evaluaci\u00f3n de los mismos y estableci\u00f3 criterios de preselecci\u00f3n que permitieran alcanzar una distribuci\u00f3n equitativa por ejes estrat\u00e9gicos y regiones geogr\u00e1ficas de los proyectos preseleccionados. Para esta preselecci\u00f3n, el Comit\u00e9 Ejecutivo cont\u00f3 con la asistencia de t\u00e9cnicos y profesionales de diversas instituciones p\u00fablicas, que de manera individual y conjunta, analizaron los proyectos, trabajo que permiti\u00f3 la aprobaci\u00f3n y publicaci\u00f3n de un listado de CINCUENTA (50) proyectos preseleccionados, indicando sugerencias y recomendaciones; Que, en cumplimiento de la Etapa 5 de la convocatoria, se solicit\u00f3 a las instituciones responsables de los CINCUENTA (50) proyectos preseleccionados la presentaci\u00f3n del Proyecto Definitivo, incorporando las observaciones y recomendaciones formuladas y la Solicitud de Asistencia Econ\u00f3mica Directa al Programa; en la Etapa 6, El Jurado de la \u201cConvocatoria\u201d, llevada a cabo en conjunto por la Jefatura de Gabinete de la Naci\u00f3n y el Consejo Econ\u00f3mico y Social (CES), culmin\u00f3 su trabajo de an\u00e1lisis y aprob\u00f3 el dictamen para la recepci\u00f3n de los Aportes No Reembolsables a 21 Proyectos de los 50 seleccionados, por el cual se recomendaron y se enviaron\u00a0 al Banco de Desarrollo FONPLATA, quien con fecha 10\/2\/2022, emiti\u00f3 la no objeci\u00f3n al proceso realizado; por \u00faltimo con la\u00a0 Etapa 7, se concluy\u00f3, en el caso espec\u00edfico del Polo Oliv\u00edcola Patag\u00f3nico, con la Suscripci\u00f3n del Convenio de Ejecuci\u00f3n, CONVE-2022-113561306-APN-DGDYD#JGM, el d\u00eda 24 de Octubre de 2022, entre la jefatura de Gabinete de Ministros, representada en ese acto por el titular de la SECRETAR\u00cdA DE RELACIONES CON LA SOCIEDAD CIVIL Y DESARROLLO COMUNITARIO y por los socios Directores de IDESUR S.R.L., en representaci\u00f3n de la misma.[\/vc_toggle][vc_custom_heading text=&#8221;Por su localizaci\u00f3n estrat\u00e9gica, la calidad del suelo y sus olivos ancestrales, su tradici\u00f3n gastron\u00f3mica y tur\u00edstica Dolavon fue el municipio elegido para la instalaci\u00f3n del Polo Oliv\u00edcola Patag\u00f3nico.&#8221; font_container=&#8221;tag:h2|font_size:13|text_align:left&#8221; google_fonts=&#8221;font_family:Raleway%3A100%2C200%2C300%2Cregular%2C500%2C600%2C700%2C800%2C900|font_style:400%20regular%3A400%3Anormal&#8221;][vc_single_image image=&#8221;599&#8243; img_size=&#8221;full&#8221; style=&#8221;vc_box_rounded&#8221;][\/vc_column][vc_column width=&#8221;1\/3&#8243;][vc_custom_heading text=&#8221;A partir de la adquisici\u00f3n del financiamiento, el consorcio design\u00f3 profesionales especializados que evaluaron las condiciones del terreno y designaron los est\u00e1ndares para la obtenci\u00f3n de olivos con ciertas caracter\u00edsitcas organol\u00e9pticas.&#8221; font_container=&#8221;tag:h2|font_size:13|text_align:left&#8221; google_fonts=&#8221;font_family:Raleway%3A100%2C200%2C300%2Cregular%2C500%2C600%2C700%2C800%2C900|font_style:400%20regular%3A400%3Anormal&#8221;][vc_single_image image=&#8221;604&#8243; img_size=&#8221;full&#8221;][vc_custom_heading text=&#8221;Al mismo tiempo comenz\u00f3 la coordinaci\u00f3n con los distintos sectores: municipios, cooperativas de trabajo, centros educativos y penitenciarios participantes del proyecto.&#8221; font_container=&#8221;tag:h2|font_size:13|text_align:left&#8221; google_fonts=&#8221;font_family:Raleway%3A100%2C200%2C300%2Cregular%2C500%2C600%2C700%2C800%2C900|font_style:400%20regular%3A400%3Anormal&#8221;][vc_custom_heading text=&#8221;Desde el \u00c1rea de Desarrollo se evaluaron las variables t\u00e9cnicas, de factiblidad y log\u00edstica del proyecto y su inserci\u00f3n en el ecosistema local.&#8221; font_container=&#8221;tag:h2|font_size:13|text_align:left&#8221; google_fonts=&#8221;font_family:Raleway%3A100%2C200%2C300%2Cregular%2C500%2C600%2C700%2C800%2C900|font_style:400%20regular%3A400%3Anormal&#8221;][vc_separator css=&#8221;.vc_custom_1747141885810{margin-top: 32px !important;}&#8221;][vc_custom_heading text=&#8221;Plano esquem\u00e1tico del terreno asignado&#8221; font_container=&#8221;tag:h2|font_size:13|text_align:left&#8221; google_fonts=&#8221;font_family:Raleway%3A100%2C200%2C300%2Cregular%2C500%2C600%2C700%2C800%2C900|font_style:400%20regular%3A400%3Anormal&#8221;][vc_single_image image=&#8221;602&#8243; img_size=&#8221;full&#8221; alignment=&#8221;right&#8221; style=&#8221;vc_box_rounded&#8221;][\/vc_column][vc_column width=&#8221;1\/3&#8243;][vc_custom_heading text=&#8221;2023 &#8211; 2024&#8243; font_container=&#8221;tag:h2|font_size:14|text_align:center|color:%23ffffff|line_height:2&#8243; google_fonts=&#8221;font_family:Raleway%3A100%2C200%2C300%2Cregular%2C500%2C600%2C700%2C800%2C900|font_style:400%20regular%3A400%3Anormal&#8221; css=&#8221;.vc_custom_1746548562192{background-color: #d1d1d1 !important;border-radius: 20px !important;}&#8221;][vc_custom_heading text=&#8221;Junto a un grupo de arquitectos e ingenieros, se proyect\u00f3 en el predio seleccionado un rusticadero, almazara, un laboratorio y un \u00e1rea de turismo con restaurante. Adem\u00e1s, recientemente se agreg\u00f3 una residencia para para pasantes y asesores. El invernadero, la planta procesadora y la residencia ya se encuentran en funcionamiento.&#8221; font_container=&#8221;tag:h2|font_size:13|text_align:left&#8221; google_fonts=&#8221;font_family:Raleway%3A100%2C200%2C300%2Cregular%2C500%2C600%2C700%2C800%2C900|font_style:400%20regular%3A400%3Anormal&#8221;][vc_empty_space][vc_progress_bar values=&#8221;%5B%7B%22label%22%3A%22Rusticadero%22%2C%22value%22%3A%22100%22%7D%2C%7B%22label%22%3A%22Almazara%22%2C%22value%22%3A%22100%22%7D%2C%7B%22label%22%3A%22Residencia%20temporaria%22%2C%22value%22%3A%22100%22%7D%5D&#8221;][vc_single_image image=&#8221;608&#8243; img_size=&#8221;full&#8221;][vc_separator][vc_custom_heading text=&#8221;HOY&#8221; font_container=&#8221;tag:h2|font_size:14|text_align:center|color:%23ffffff|line_height:2&#8243; google_fonts=&#8221;font_family:Raleway%3A100%2C200%2C300%2Cregular%2C500%2C600%2C700%2C800%2C900|font_style:400%20regular%3A400%3Anormal&#8221; css=&#8221;.vc_custom_1746547873666{background-color: #d1d1d1 !important;border-radius: 20px !important;}&#8221;][vc_custom_heading text=&#8221;En la etapa m\u00e1s reciente del proyecto se adquiri\u00f3 un cami\u00f3n propio y se proyecta a corto plazo el primer procesamiento de olivos en nuestra propia almazara.&#8221; font_container=&#8221;tag:h2|font_size:13|text_align:left&#8221; google_fonts=&#8221;font_family:Raleway%3A100%2C200%2C300%2Cregular%2C500%2C600%2C700%2C800%2C900|font_style:400%20regular%3A400%3Anormal&#8221;][vc_single_image image=&#8221;612&#8243; img_size=&#8221;medium&#8221; alignment=&#8221;center&#8221;][\/vc_column][\/vc_row][vc_row][vc_column width=&#8221;1\/3&#8243;][vc_custom_heading text=&#8221;Desarrollo local&#8221; font_container=&#8221;tag:h2|font_size:20|text_align:center|color:%23ffffff|line_height:2&#8243; google_fonts=&#8221;font_family:Raleway%3A100%2C200%2C300%2Cregular%2C500%2C600%2C700%2C800%2C900|font_style:400%20regular%3A400%3Anormal&#8221; css=&#8221;.vc_custom_1746543811318{background-color: #b5b5b5 !important;border-radius: 20px !important;}&#8221;][\/vc_column][vc_column width=&#8221;1\/3&#8243;][vc_custom_heading text=&#8221;+30 Puestos de Trabajo locales&#8221; font_container=&#8221;tag:h2|font_size:20|text_align:center|color:%23ffffff|line_height:2&#8243; google_fonts=&#8221;font_family:Raleway%3A100%2C200%2C300%2Cregular%2C500%2C600%2C700%2C800%2C900|font_style:400%20regular%3A400%3Anormal&#8221; css=&#8221;.vc_custom_1746543768242{background-color: #b5b5b5 !important;border-radius: 20px !important;}&#8221;][\/vc_column][vc_column width=&#8221;1\/3&#8243;][vc_custom_heading text=&#8221;Visi\u00f3n a largo plazo&#8221; font_container=&#8221;tag:h2|font_size:20|text_align:center|color:%23ffffff|line_height:2&#8243; google_fonts=&#8221;font_family:Raleway%3A100%2C200%2C300%2Cregular%2C500%2C600%2C700%2C800%2C900|font_style:400%20regular%3A400%3Anormal&#8221; css=&#8221;.vc_custom_1746543874126{background-color: #b5b5b5 !important;border-radius: 20px !important;}&#8221;][\/vc_column][\/vc_row]<\/p>\n","protected":false},"excerpt":{"rendered":"<p>[vc_row][vc_column][vc_custom_heading text=&#8221;El proyecto en tiempo real&#8221; font_container=&#8221;tag:h2|font_size:56|text_align:left|color:%235e5e5e|line_height:1&#8243; google_fonts=&#8221;font_family:Lora%3Aregular%2Citalic%2C700%2C700italic|font_style:400%20regular%3A400%3Anormal&#8221;][\/vc_column][\/vc_row][vc_row][vc_column width=&#8221;1\/3&#8243;][vc_custom_heading text=&#8221;2021&#8243; font_container=&#8221;tag:h2|font_size:14|text_align:center|color:%23ffffff|line_height:2&#8243; google_fonts=&#8221;font_family:Raleway%3A100%2C200%2C300%2Cregular%2C500%2C600%2C700%2C800%2C900|font_style:400%20regular%3A400%3Anormal&#8221; css=&#8221;.vc_custom_1747141076497{background-color: #d1d1d1 !important;border-radius: 20px !important;}&#8221;][vc_custom_heading text=&#8221;El proyecto fue elegido como uno de los 21 finalistas entre 664 perfiles de proyectos presentados&#8221; font_container=&#8221;tag:h2|font_size:22|text_align:left&#8221; google_fonts=&#8221;font_family:Raleway%3A100%2C200%2C300%2Cregular%2C500%2C600%2C700%2C800%2C900|font_style:600%20bold%20regular%3A600%3Anormal&#8221;][vc_custom_heading text=&#8221;Para la preselecci\u00f3n, el Comit\u00e9 Ejecutivo cont\u00f3 con la asistencia de t\u00e9cnicos y profesionales de &hellip;<\/p>\n","protected":false},"author":1,"featured_media":0,"parent":0,"menu_order":0,"comment_status":"closed","ping_status":"closed","template":"","meta":{"footnotes":""},"class_list":["post-595","page","type-page","status-publish","hentry"],"_links":{"self":[{"href":"https:\/\/olivospatagonia.ar\/index.php\/wp-json\/wp\/v2\/pages\/595","targetHints":{"allow":["GET"]}}],"collection":[{"href":"https:\/\/olivospatagonia.ar\/index.php\/wp-json\/wp\/v2\/pages"}],"about":[{"href":"https:\/\/olivospatagonia.ar\/index.php\/wp-json\/wp\/v2\/types\/page"}],"author":[{"embeddable":true,"href":"https:\/\/olivospatagonia.ar\/index.php\/wp-json\/wp\/v2\/users\/1"}],"replies":[{"embeddable":true,"href":"https:\/\/olivospatagonia.ar\/index.php\/wp-json\/wp\/v2\/comments?post=595"}],"version-history":[{"count":16,"href":"https:\/\/olivospatagonia.ar\/index.php\/wp-json\/wp\/v2\/pages\/595\/revisions"}],"predecessor-version":[{"id":628,"href":"https:\/\/olivospatagonia.ar\/index.php\/wp-json\/wp\/v2\/pages\/595\/revisions\/628"}],"wp:attachment":[{"href":"https:\/\/olivospatagonia.ar\/index.php\/wp-json\/wp\/v2\/media?parent=595"}],"curies":[{"name":"wp","href":"https:\/\/api.w.org\/{rel}","templated":true}]}}